{"id":1427,"date":"2019-11-14T11:48:21","date_gmt":"2019-11-14T10:48:21","guid":{"rendered":"https:\/\/prefabricatslomar.com\/aviso-legal\/"},"modified":"2023-06-11T21:58:36","modified_gmt":"2023-06-11T19:58:36","slug":"aviso-legal","status":"publish","type":"page","link":"https:\/\/prefabricatslomar.com\/es\/aviso-legal\/","title":{"rendered":"Aviso Legal"},"content":{"rendered":"<p>[et_pb_section fb_built=\u00bb1&#8243; _builder_version=\u00bb4.16&#8243; global_colors_info=\u00bb{}\u00bb][et_pb_row _builder_version=\u00bb4.16&#8243; background_size=\u00bbinitial\u00bb background_position=\u00bbtop_left\u00bb background_repeat=\u00bbrepeat\u00bb global_colors_info=\u00bb{}\u00bb][et_pb_column type=\u00bb4_4&#8243; _builder_version=\u00bb4.16&#8243; custom_padding=\u00bb|||\u00bb global_colors_info=\u00bb{}\u00bb custom_padding__hover=\u00bb|||\u00bb][et_pb_text _builder_version=\u00bb4.21.0&#8243; background_size=\u00bbinitial\u00bb background_position=\u00bbtop_left\u00bb background_repeat=\u00bbrepeat\u00bb width=\u00bb100%\u00bb custom_padding=\u00bb|107px||||\u00bb hover_enabled=\u00bb0&#8243; global_colors_info=\u00bb{}\u00bb sticky_enabled=\u00bb0&#8243;]<\/p>\n<p><!-- divi:heading --><span style=\"font-size: 32px;\"><b>AVISO LEGAL<\/b><\/span><span style=\"font-size: xx-large;\"> <\/span><\/p>\n<p>&nbsp;<\/p>\n<p>&nbsp;<\/p>\n<h2 class=\"BitxoGeneralCap\">AVISO LEGAL y DATOS EMPRESA<\/h2>\n<div class=\"BitxoGeneralCos\">\n<p>Para dar cumplimiento con lo establecido en la Ley 34\/2002, de 11 de Julio, de servicios de la sociedad de la informaci\u00f3n y de comercio electr\u00f3nico, a continuaci\u00f3n se indican los datos de informaci\u00f3n general de este sitio web:<\/p>\n<p>El dominio: www.prefabricatslomar.com es propiedad de la empresa PREFABRICATS LOMAR, SL, con CIF B-617740742. Inscrita en el RM de Barcelona, Hoja B-183993, Folio 84, Tomo 30972, Inscripci\u00f3n 1\u00aa. El domicilio de la empresa es Calle Muntanyola, n\u00fam. 2 Apartado Correos, 148, c\u00f3digo postal 08401 Granollers, Barcelona.<\/p>\n<h2>Objeto<\/h2>\n<p>Estas condiciones generales (a partir de ahora las \u201cCondiciones Generales\u201d) regulan el uso de todos los servicios de este sitio web (a partir de ahora \u201cel Portal\u201d) que la compa\u00f1\u00eda PREFABRICATS LOMAR SL con domicilio en CALLE MUNTANYOLA , 2 , DE GRANOLLERS, BARCELONA (a partir de ahora \u201cla Empresa\u201d) pone a disposici\u00f3n de los usuarios de Internet. Por la simple utilizaci\u00f3n del Portal, los usuarios expresan la plena aceptaci\u00f3n sin reservas de las mismas, que podr\u00e1n ser modificadas por la Empresa en cualquier momento. Los usuarios se ven asimismo sometidos a todas aquellas condiciones particulares, avisos o reglamentos de instrucciones que se pongan en su conocimiento, en relaci\u00f3n con contenidos o servicios concretos, que contemplan lo previsto en estas Condiciones Generales siempre y cuando no se encuentre en ellos opongan.<\/p>\n<p>&nbsp;<\/p>\n<h2>Exclusi\u00f3n de responsabilidad sobre la informaci\u00f3n gr\u00e1fica disponible en el portal<\/h2>\n<p>Toda la documentaci\u00f3n gr\u00e1fica incluida en esta p\u00e1gina web en lo referente a las diferentes promociones o bienes inmuebles, es simplemente orientativa y est\u00e1 sometida a posibles cambios exigidos por la evoluci\u00f3n t\u00e9cnica de los proyectos y su ejecuci\u00f3n. EN NING\u00daN CASO ESTA INFORMACI\u00d3N CONSTITUYE DOCUMENTO CONTRACTUAL<\/p>\n<p>&nbsp;<\/p>\n<h2>Utilizaci\u00f3n del portal y de los servicios por parte de los usuarios<\/h2>\n<p>Excepto en caso de que hayan obtenido previa y expresa autorizaci\u00f3n espec\u00edficamente otorgada a tal efecto por parte de la Empresa, los usuarios se abstendr\u00e1n de obtener o intentar obtener cualquier tipo de contenidos, ya sean textos, gr\u00e1ficos, dibujos, archivos de sonido, im\u00e1genes o fotograf\u00edas, v\u00eddeos, software y, en general, cualquier clase de material accesible a trav\u00e9s del Portal o de los servicios utilizados por ellos, con medios distintos de los que se hayan puesto a su disposici\u00f3n al efecto o de los que se usen habitualmente al efecto en Internet.<\/p>\n<p><b><\/b><\/p>\n<h2>Exclusi\u00f3n de responsabilidad de los contenidos<\/h2>\n<p>La Empresa no es en ning\u00fan caso responsable, ni de forma directa ni subsidiaria, por ning\u00fan contenido, informaci\u00f3n, comunicaci\u00f3n, opini\u00f3n o manifestaci\u00f3n de cualquier tipo que tenga su origen en el usuario o cualquier persona o entidad y que se comunique, difunda, env\u00ede o exhiba a trav\u00e9s de los servicios del Portal.<\/p>\n<p>&nbsp;<\/p>\n<h2>Propiedad intelectual e industrial<\/h2>\n<p>Todos los contenidos as\u00ed como nombres, logos, marcas y bases de datos accesibles en las p\u00e1ginas web del Portal est\u00e1n sujetos a derechos de propiedad industrial e intelectual de la empresa o de terceros titulares de los mismos. En ning\u00fan caso el acceso a las p\u00e1ginas web del Portal implica ning\u00fan tipo de renuncia, transmisi\u00f3n o cesi\u00f3n total o parcial de dichos derechos, ni conferir ning\u00fan derecho de utilizaci\u00f3n, alteraci\u00f3n, explotaci\u00f3n, reproducci\u00f3n, distribuci\u00f3n o comunicaci\u00f3n p\u00fablica sobre los contenidos o bienes de propiedad industrial sin la previa y expresa autorizaci\u00f3n espec\u00edficamente otorgada a tal efecto por parte de la empresa o del tercero titular de los derechos, excepto los derechos de visualizar y de realizar copias para el uso personal y exclusivo del usuario, los cuales tendr\u00e1n que ejercer siempre conforme a los principios de la buena fe y la legislaci\u00f3n aplicable.<\/p>\n<p>&nbsp;<\/p>\n<h2>Ley aplicable y fuero<\/h2>\n<p>Estas Condiciones Generales se regir\u00e1n por la ley espa\u00f1ola. Para cualquier controversia que pueda derivarse de la aplicaci\u00f3n de los servicios o interpretaci\u00f3n o aplicaci\u00f3n de las Condiciones Generales, la Empresa y los usuarios, con renuncia expresa a su fuero propio, se someten al de los Juzgados y Tribunales de Barcelona.<\/p>\n<p>&nbsp;<\/p>\n<h2>Protecci\u00f3n de datos<\/h2>\n<p>Lea nuestra Pol\u00edtica de Protecci\u00f3n de Datos, yendo al link de continuaci\u00f3n.<\/p>\n<\/div>\n<div class=\"BitxoGeneralPeu\"><a href=\"https:\/\/prefabricatslomar.com\/pdf\/politica-privacidad-prefabricats-lomar.pdf\">*Politica de privacidad*<\/a><\/div>\n<p>&nbsp;<\/p>\n<p><!-- \/divi:heading -->\u00a0<\/p>\n<p>[\/et_pb_text][\/et_pb_column][\/et_pb_row][\/et_pb_section]<\/p>\n","protected":false},"excerpt":{"rendered":"<p>AVISO LEGAL &nbsp; &nbsp; AVISO LEGAL y DATOS EMPRESA Para dar cumplimiento con lo establecido en la Ley 34\/2002, de 11 de Julio, de servicios de la sociedad de la informaci\u00f3n y de comercio electr\u00f3nico, a continuaci\u00f3n se indican los datos de informaci\u00f3n general de este sitio web: El dominio: www.prefabricatslomar.com es propiedad de la [&hellip;]<\/p>\n","protected":false},"author":2,"featured_media":0,"parent":0,"menu_order":0,"comment_status":"closed","ping_status":"closed","template":"","meta":{"_et_pb_use_builder":"on","_et_pb_old_content":"","_et_gb_content_width":"","om_disable_all_campaigns":false},"yoast_head":"<!-- This site is optimized with the Yoast SEO plugin v20.13 - https:\/\/yoast.com\/wordpress\/plugins\/seo\/ -->\n<title>Aviso Legal - PREFABRICATS LOMAR SL<\/title>\n<meta name=\"description\" content=\"Aviso Legal completo de Prefabricados Lomar para informaci\u00f3n detallada sobre nuestras pol\u00edticas, t\u00e9rminos y condiciones.\" \/>\n<meta name=\"robots\" content=\"index, follow, max-snippet:-1, max-image-preview:large, max-video-preview:-1\" \/>\n<link rel=\"canonical\" href=\"https:\/\/prefabricatslomar.com\/es\/aviso-legal\/\" \/>\n<meta property=\"og:locale\" content=\"es_ES\" \/>\n<meta property=\"og:type\" content=\"article\" \/>\n<meta property=\"og:title\" content=\"Aviso Legal - PREFABRICATS LOMAR SL\" \/>\n<meta property=\"og:description\" content=\"Aviso Legal completo de Prefabricados Lomar para informaci\u00f3n detallada sobre nuestras pol\u00edticas, t\u00e9rminos y condiciones.\" \/>\n<meta property=\"og:url\" content=\"https:\/\/prefabricatslomar.com\/es\/aviso-legal\/\" \/>\n<meta property=\"og:site_name\" content=\"PREFABRICATS LOMAR SL\" \/>\n<meta property=\"article:modified_time\" content=\"2023-06-11T19:58:36+00:00\" \/>\n<meta name=\"twitter:card\" content=\"summary_large_image\" \/>\n<meta name=\"twitter:site\" content=\"@lomarterrazo\" \/>\n<meta name=\"twitter:label1\" content=\"Tiempo de lectura\" \/>\n\t<meta name=\"twitter:data1\" content=\"4 minutos\" \/>\n<script type=\"application\/ld+json\" class=\"yoast-schema-graph\">{\"@context\":\"https:\/\/schema.org\",\"@graph\":[{\"@type\":\"WebPage\",\"@id\":\"https:\/\/prefabricatslomar.com\/es\/aviso-legal\/\",\"url\":\"https:\/\/prefabricatslomar.com\/es\/aviso-legal\/\",\"name\":\"Aviso Legal - PREFABRICATS LOMAR SL\",\"isPartOf\":{\"@id\":\"https:\/\/prefabricatslomar.com\/es\/#website\"},\"datePublished\":\"2019-11-14T10:48:21+00:00\",\"dateModified\":\"2023-06-11T19:58:36+00:00\",\"description\":\"Aviso Legal completo de Prefabricados Lomar para informaci\u00f3n detallada sobre nuestras pol\u00edticas, t\u00e9rminos y condiciones.\",\"breadcrumb\":{\"@id\":\"https:\/\/prefabricatslomar.com\/es\/aviso-legal\/#breadcrumb\"},\"inLanguage\":\"es\",\"potentialAction\":[{\"@type\":\"ReadAction\",\"target\":[\"https:\/\/prefabricatslomar.com\/es\/aviso-legal\/\"]}]},{\"@type\":\"BreadcrumbList\",\"@id\":\"https:\/\/prefabricatslomar.com\/es\/aviso-legal\/#breadcrumb\",\"itemListElement\":[{\"@type\":\"ListItem\",\"position\":1,\"name\":\"Qui som\",\"item\":\"https:\/\/prefabricatslomar.com\/es\/\"},{\"@type\":\"ListItem\",\"position\":2,\"name\":\"Aviso Legal\"}]},{\"@type\":\"WebSite\",\"@id\":\"https:\/\/prefabricatslomar.com\/es\/#website\",\"url\":\"https:\/\/prefabricatslomar.com\/es\/\",\"name\":\"PREFABRICATS LOMAR SL\",\"description\":\"Forjats i Terratzos\",\"publisher\":{\"@id\":\"https:\/\/prefabricatslomar.com\/es\/#organization\"},\"potentialAction\":[{\"@type\":\"SearchAction\",\"target\":{\"@type\":\"EntryPoint\",\"urlTemplate\":\"https:\/\/prefabricatslomar.com\/es\/?s={search_term_string}\"},\"query-input\":\"required name=search_term_string\"}],\"inLanguage\":\"es\"},{\"@type\":\"Organization\",\"@id\":\"https:\/\/prefabricatslomar.com\/es\/#organization\",\"name\":\"Prefabricats Lomar SL\",\"url\":\"https:\/\/prefabricatslomar.com\/es\/\",\"logo\":{\"@type\":\"ImageObject\",\"inLanguage\":\"es\",\"@id\":\"https:\/\/prefabricatslomar.com\/es\/#\/schema\/logo\/image\/\",\"url\":\"https:\/\/prefabricatslomar.com\/wp-content\/uploads\/2019\/11\/logo.jpeg\",\"contentUrl\":\"https:\/\/prefabricatslomar.com\/wp-content\/uploads\/2019\/11\/logo.jpeg\",\"width\":2275,\"height\":2275,\"caption\":\"Prefabricats Lomar SL\"},\"image\":{\"@id\":\"https:\/\/prefabricatslomar.com\/es\/#\/schema\/logo\/image\/\"},\"sameAs\":[\"https:\/\/twitter.com\/lomarterrazo\",\"https:\/\/www.instagram.com\/prefabricats_lomar\/\",\"https:\/\/www.linkedin.com\/company\/prefabricats-lomar-sl\/about\/\"]}]}<\/script>\n<!-- \/ Yoast SEO plugin. -->","yoast_head_json":{"title":"Aviso Legal - PREFABRICATS LOMAR SL","description":"Aviso Legal completo de Prefabricados Lomar para informaci\u00f3n detallada sobre nuestras pol\u00edticas, t\u00e9rminos y condiciones.","robots":{"index":"index","follow":"follow","max-snippet":"max-snippet:-1","max-image-preview":"max-image-preview:large","max-video-preview":"max-video-preview:-1"},"canonical":"https:\/\/prefabricatslomar.com\/es\/aviso-legal\/","og_locale":"es_ES","og_type":"article","og_title":"Aviso Legal - PREFABRICATS LOMAR SL","og_description":"Aviso Legal completo de Prefabricados Lomar para informaci\u00f3n detallada sobre nuestras pol\u00edticas, t\u00e9rminos y condiciones.","og_url":"https:\/\/prefabricatslomar.com\/es\/aviso-legal\/","og_site_name":"PREFABRICATS LOMAR SL","article_modified_time":"2023-06-11T19:58:36+00:00","twitter_card":"summary_large_image","twitter_site":"@lomarterrazo","twitter_misc":{"Tiempo de lectura":"4 minutos"},"schema":{"@context":"https:\/\/schema.org","@graph":[{"@type":"WebPage","@id":"https:\/\/prefabricatslomar.com\/es\/aviso-legal\/","url":"https:\/\/prefabricatslomar.com\/es\/aviso-legal\/","name":"Aviso Legal - PREFABRICATS LOMAR SL","isPartOf":{"@id":"https:\/\/prefabricatslomar.com\/es\/#website"},"datePublished":"2019-11-14T10:48:21+00:00","dateModified":"2023-06-11T19:58:36+00:00","description":"Aviso Legal completo de Prefabricados Lomar para informaci\u00f3n detallada sobre nuestras pol\u00edticas, t\u00e9rminos y condiciones.","breadcrumb":{"@id":"https:\/\/prefabricatslomar.com\/es\/aviso-legal\/#breadcrumb"},"inLanguage":"es","potentialAction":[{"@type":"ReadAction","target":["https:\/\/prefabricatslomar.com\/es\/aviso-legal\/"]}]},{"@type":"BreadcrumbList","@id":"https:\/\/prefabricatslomar.com\/es\/aviso-legal\/#breadcrumb","itemListElement":[{"@type":"ListItem","position":1,"name":"Qui som","item":"https:\/\/prefabricatslomar.com\/es\/"},{"@type":"ListItem","position":2,"name":"Aviso Legal"}]},{"@type":"WebSite","@id":"https:\/\/prefabricatslomar.com\/es\/#website","url":"https:\/\/prefabricatslomar.com\/es\/","name":"PREFABRICATS LOMAR SL","description":"Forjats i Terratzos","publisher":{"@id":"https:\/\/prefabricatslomar.com\/es\/#organization"},"potentialAction":[{"@type":"SearchAction","target":{"@type":"EntryPoint","urlTemplate":"https:\/\/prefabricatslomar.com\/es\/?s={search_term_string}"},"query-input":"required name=search_term_string"}],"inLanguage":"es"},{"@type":"Organization","@id":"https:\/\/prefabricatslomar.com\/es\/#organization","name":"Prefabricats Lomar SL","url":"https:\/\/prefabricatslomar.com\/es\/","logo":{"@type":"ImageObject","inLanguage":"es","@id":"https:\/\/prefabricatslomar.com\/es\/#\/schema\/logo\/image\/","url":"https:\/\/prefabricatslomar.com\/wp-content\/uploads\/2019\/11\/logo.jpeg","contentUrl":"https:\/\/prefabricatslomar.com\/wp-content\/uploads\/2019\/11\/logo.jpeg","width":2275,"height":2275,"caption":"Prefabricats Lomar SL"},"image":{"@id":"https:\/\/prefabricatslomar.com\/es\/#\/schema\/logo\/image\/"},"sameAs":["https:\/\/twitter.com\/lomarterrazo","https:\/\/www.instagram.com\/prefabricats_lomar\/","https:\/\/www.linkedin.com\/company\/prefabricats-lomar-sl\/about\/"]}]}},"_links":{"self":[{"href":"https:\/\/prefabricatslomar.com\/es\/wp-json\/wp\/v2\/pages\/1427"}],"collection":[{"href":"https:\/\/prefabricatslomar.com\/es\/wp-json\/wp\/v2\/pages"}],"about":[{"href":"https:\/\/prefabricatslomar.com\/es\/wp-json\/wp\/v2\/types\/page"}],"author":[{"embeddable":true,"href":"https:\/\/prefabricatslomar.com\/es\/wp-json\/wp\/v2\/users\/2"}],"replies":[{"embeddable":true,"href":"https:\/\/prefabricatslomar.com\/es\/wp-json\/wp\/v2\/comments?post=1427"}],"version-history":[{"count":10,"href":"https:\/\/prefabricatslomar.com\/es\/wp-json\/wp\/v2\/pages\/1427\/revisions"}],"predecessor-version":[{"id":1820,"href":"https:\/\/prefabricatslomar.com\/es\/wp-json\/wp\/v2\/pages\/1427\/revisions\/1820"}],"wp:attachment":[{"href":"https:\/\/prefabricatslomar.com\/es\/wp-json\/wp\/v2\/media?parent=1427"}],"curies":[{"name":"wp","href":"https:\/\/api.w.org\/{rel}","templated":true}]}}