{"id":1435,"date":"2019-11-13T16:33:11","date_gmt":"2019-11-13T15:33:11","guid":{"rendered":"https:\/\/prefabricatslomar.com\/privacy-policy\/"},"modified":"2023-03-20T19:07:05","modified_gmt":"2023-03-20T18:07:05","slug":"privacy-policy","status":"publish","type":"page","link":"https:\/\/prefabricatslomar.com\/es\/privacy-policy\/","title":{"rendered":"Privacy Policy"},"content":{"rendered":"<p>[et_pb_section fb_built=\u00bb1&#8243; _builder_version=\u00bb3.22&#8243;][et_pb_row _builder_version=\u00bb4.0.6&#8243; background_size=\u00bbinitial\u00bb background_position=\u00bbtop_left\u00bb background_repeat=\u00bbrepeat\u00bb hover_enabled=\u00bb0&#8243;][et_pb_column type=\u00bb4_4&#8243; _builder_version=\u00bb3.25&#8243; custom_padding=\u00bb|||\u00bb custom_padding__hover=\u00bb|||\u00bb][et_pb_text _builder_version=\u00bb4.0.6&#8243; background_size=\u00bbinitial\u00bb background_position=\u00bbtop_left\u00bb background_repeat=\u00bbrepeat\u00bb hover_enabled=\u00bb0&#8243; custom_padding=\u00bb|107px||||\u00bb width=\u00bb100%\u00bb]<!-- divi:heading --><\/p>\n<p><span style=\"font-size: xx-large;\"><strong>POL\u00cdTICA DE PRIVACIDAD<\/strong> <\/span><\/p>\n<p>&nbsp;<\/p>\n<p>&nbsp;<\/p>\n<p><span style=\"font-size: 14px; text-align: justify;\">Para PREFABRICATS LOMAR, SL es importante la protecci\u00f3n de las datos personales de nuestros clientes, y de todos aquellos que visitan nuestra web, y por eso hemos desarrollado una pol\u00edtica de seguridad que cumple con todos los requisitos del Reglamento General de Protecci\u00f3n de Datos.<\/span><\/p>\n<p>&nbsp;<\/p>\n<p style=\"text-align: justify;\">En esta pol\u00edtica de privacidad explicamos qui\u00e9nes somos, cu\u00e1l es la finalidad que damos a sus datos, c\u00f3mo los tratamos, con qui\u00e9n los compartimos, durante cu\u00e1nto tiempo los conservamos, as\u00ed como las formas de ponerse en contacto con nosotros y de ejercer sus derechos.<\/p>\n<p>&nbsp;<\/p>\n<p style=\"text-align: justify;\">El usuario debe leer atentamente nuestra pol\u00edtica de privacidad, y as\u00ed poder decir de forma libre y voluntaria si desea proporcionar sus datos personales a PREFABRICATS LOMAR, SL De este modo, el usuario asegura ser mayor de edad, y que las datos comunicadas son verdaderas, exactos, completos y actuales, responsabiliz\u00e1ndose de cualquier da\u00f1o o perjuicio, directo o indirecto, que pueda surgir como consecuencia del incumplimiento de dicha obligaci\u00f3n.<\/p>\n<p>&nbsp;<\/p>\n<p style=\"text-align: justify;\">Si eres menor de trece a\u00f1os y has accedido a este sitio web sin avisar a tus padres no debes registrarte como usuario.<\/p>\n<p>&nbsp;<\/p>\n<p style=\"text-align: justify;\">\n<p style=\"text-align: justify;\">\n<p style=\"text-align: justify;\"><strong>RESPONSABLE DE LOS DATOS Y SUS TRATAMIENTOS<\/strong><\/p>\n<p>&nbsp;<\/p>\n<p style=\"text-align: justify;\">Sus datos ser\u00e1n tratados por PREFABRICATS LOMAR, SL, persona jur\u00eddica, con CIF B61740742, y domicilio social en C\/ Muntanyola, 2 08400-Granollers (BARCELONA).<\/p>\n<p>&nbsp;<\/p>\n<p style=\"text-align: justify;\">\n<p style=\"text-align: justify;\">\n<p style=\"text-align: justify;\"><strong>FINALIDADES DEL TRATAMIENTO Y BASE LEGAL<\/strong><\/p>\n<p>&nbsp;<\/p>\n<p style=\"text-align: justify;\">Sus datos han sido obtenidos por los siguientes medios:<\/p>\n<p>&nbsp;<\/p>\n<p style=\"text-align: justify;\">&#8211; Formulario de solicitud de certificado.<\/p>\n<p>&nbsp;<\/p>\n<p style=\"text-align: justify;\">&#8211; Formulario de atenci\u00f3n al cliente.<\/p>\n<p>&nbsp;<\/p>\n<p style=\"text-align: justify;\">&#8211; Formulario de suscripci\u00f3n a la newsletter.<\/p>\n<p>&nbsp;<\/p>\n<p style=\"text-align: justify;\"><strong>Las datos obtenidas son identificativas y de pago para realizar la compra por la web, y son las siguientes:<\/strong><\/p>\n<p>&nbsp;<\/p>\n<p style=\"text-align: justify;\">&#8211; Formulario de solicitud de certificado: n\u00famero, tel\u00e9fono, fax, m\u00f3vil, domicilio, n\u00famero del promotor, n\u00famero del arquitecto.<\/p>\n<p>&nbsp;<\/p>\n<p style=\"text-align: justify;\">&#8211; Formulario de atenci\u00f3n al cliente: n\u00famero y apellidos, e-mail, tel\u00e9fono<\/p>\n<p>&nbsp;<\/p>\n<p style=\"text-align: justify;\">&#8211; Formulario de suscripci\u00f3n a la newsletter: n\u00famero y e-mail<\/p>\n<p>&nbsp;<\/p>\n<p style=\"text-align: justify;\">\n<p style=\"text-align: justify;\"><strong>Las finalidades son:<\/strong><\/p>\n<p>&nbsp;<\/p>\n<p style=\"text-align: justify;\">&#8211; Formulario de solicitud de certificado: emitir certificado de servicios prestados<\/p>\n<p>&nbsp;<\/p>\n<p style=\"text-align: justify;\">&#8211; Formulario de atenci\u00f3n al cliente: el contacto y la gesti\u00f3n comercial de clientes<\/p>\n<p>&nbsp;<\/p>\n<p style=\"text-align: justify;\">&#8211; Formulario de suscripci\u00f3n a la newsletter: registrar la solicitud del env\u00edo de mails con la newsletter.<\/p>\n<p>&nbsp;<\/p>\n<p style=\"text-align: justify;\">La base legal para el tratamiento de las datos recogidas es el consentimiento prestado en el momento de rellenar el formulario de contacto.<\/p>\n<p>&nbsp;<\/p>\n<p style=\"text-align: justify;\">La duraci\u00f3n del tratamiento es la misma que la duraci\u00f3n de la relaci\u00f3n mercantil como cliente nuestro o bien hasta la revocaci\u00f3n del consentimiento, o cancelaci\u00f3n de las datos personales facilitados con consentimiento.<\/p>\n<p>&nbsp;<\/p>\n<p style=\"text-align: justify;\">\n<p style=\"text-align: justify;\">\n<p style=\"text-align: justify;\"><strong>\u00bfCon qui\u00e9n compartimos las datos? <\/strong><\/p>\n<p>&nbsp;<\/p>\n<p style=\"text-align: justify;\">PREFABRICATS LOMAR, SL podr\u00e1 comunicar las datos personales de los usuarios a terceros prestadores de servicios de PREFABRICATS LOMAR, SL<\/p>\n<p>&nbsp;<\/p>\n<p style=\"text-align: justify;\">A estas empresas se les proporcionan s\u00f3lo las datos personales necesarios para la prestaci\u00f3n del servicio en cuesti\u00f3n, y \u00e9stas se comprometen a tratar dichas datos personales \u00fanica y exclusivamente para el cumplimiento de las fines arriba mencionadas.<\/p>\n<p>&nbsp;<\/p>\n<p style=\"text-align: justify;\">\n<p style=\"text-align: justify;\">TRANSFERENCIAS INTERNACIONALES DE DATOS<\/p>\n<p>&nbsp;<\/p>\n<p style=\"text-align: justify;\">PREFABRICATS LOMAR, SL realiza el tratamiento de las datos del usuario en el territorio del Espacio Econ\u00f3mico Europeo (EEE), por lo que no previene realizar ninguna transferencia internacional de datos.<\/p>\n<p>&nbsp;<\/p>\n<p style=\"text-align: justify;\">DERECHOS DE LOS USUARIOS<\/p>\n<p>&nbsp;<\/p>\n<p style=\"text-align: justify;\">Mientras PREFABRICATS LOMAR, SL posea o trate las datos personales, todos los usuarios pueden, en cualquier momento y de forma gratuita, ejercer los siguientes derechos:<\/p>\n<p>&nbsp;<\/p>\n<p style=\"text-align: justify;\">&#8211; Derecho de acceso \u2013 derecho a solicitar una copia de la informaci\u00f3n que tenemos sobre usted;<\/p>\n<p>&nbsp;<\/p>\n<p style=\"text-align: justify;\">&#8211; Derecho de rectificaci\u00f3n \u2013 derecho de corregir las datos que considere inexactos o incompletos;<\/p>\n<p>&nbsp;<\/p>\n<p style=\"text-align: justify;\">&#8211; Derecho a ser olvidado\/a &#8211; en determinadas circunstancias, como usuario, puede pedir que las datos que tenemos sobre usted sean borrados de todos nuestros registros;<\/p>\n<p>&nbsp;<\/p>\n<p style=\"text-align: justify;\">&#8211; Derecho a la limitaci\u00f3n de tratamiento \u2013 cuando se apliquen determinadas condiciones para tener derecho a restringir el tratamiento;<\/p>\n<p>&nbsp;<\/p>\n<p style=\"text-align: justify;\">&#8211; Derecho de portabilidad \u2013 derecho de transferir sus datos a otra organizaci\u00f3n;<\/p>\n<p>&nbsp;<\/p>\n<p style=\"text-align: justify;\">&#8211; Derecho de oposici\u00f3n \u2013 derecho a oponerse a ciertos tipos de tratamiento, como el marketing directo;<\/p>\n<p>&nbsp;<\/p>\n<p style=\"text-align: justify;\">&#8211; Derecho a oponerse al tratamiento automatizado, incluido el perfil;<\/p>\n<p>&nbsp;<\/p>\n<p style=\"text-align: justify;\">Como usuario, tiene derecho a reclamar seg\u00fan lo mencionado a continuaci\u00f3n.<\/p>\n<p>&nbsp;<\/p>\n<p style=\"text-align: justify;\">Si el usuario desea realizar el ejercicio de alguno de sus derechos deber\u00e1 hacerlo dirigi\u00e9ndose por escrito y copia del DNI en la siguiente direcci\u00f3n postal: C\/ Muntanyola, 2 08400- Granollers (BARCELONA) o en el mail <a href=\"mailto:info@prefabricatslomar.com.%20\">info@prefabricatslomar.com.<\/a> <\/p>\n<p>&nbsp;<\/p>\n<p style=\"text-align: justify;\">Adem\u00e1s podr\u00e1 ponerse en contacto con la Autoridad de control espa\u00f1ola, AGENCIA ESPA\u00d1OLA DE PROTECCI\u00d3N DE DATOS, en su web www.aepd.es o en la direcci\u00f3n de correo postal C\/ Jorge Juan, 6. 28001 &#8211; Madrid Tel. 901 100 099 &#8211; 912 663 517.<\/p>\n<p>&nbsp;<\/p>\n<p style=\"text-align: justify;\">\n<p style=\"text-align: justify;\">\n<p style=\"text-align: justify;\"><strong>MEDIDAS DE PROTECCI\u00d3N DE DATOS PERSONALES<\/strong><\/p>\n<p>&nbsp;<\/p>\n<p style=\"text-align: justify;\">PREFABRICATS LOMAR, SL aplica varias medidas t\u00e9cnicas y organizativas adecuadas para proteger las datos personales de los usuarios, incluido el uso de servidores seguros, cortafuegos, codificaci\u00f3n de datos de aplicaciones y comunicaciones.<\/p>\n<p>&nbsp;<\/p>\n<p style=\"text-align: justify;\">\n<p style=\"text-align: justify;\"><strong>REVISION POL\u00cdTICA DE PRIVACIDAD<\/strong><\/p>\n<p>&nbsp;<\/p>\n<p style=\"text-align: justify;\">Ocasionalmente, PREFABRICATS LOMAR, SL actualizar\u00e1 esta Pol\u00edtica de privacidad, por lo que le solicitamos que revise peri\u00f3dicamente este documento para mantenerse informado y actualizado.<\/p>\n<p>&nbsp;<\/p>\n<p style=\"text-align: justify;\">\n<p style=\"text-align: justify;\"><strong>POL\u00cdTICA DE COOKIES <\/strong><\/p>\n<p>&nbsp;<\/p>\n<p style=\"text-align: justify;\">La p\u00e1gina web de PREFABRICATS LOMAR, SL no utiliza cookies.<\/p>\n<p>&nbsp;<\/p>\n<p><!-- \/divi:heading --><\/p>\n<p>&nbsp;<\/p>\n<p>[\/et_pb_text][\/et_pb_column][\/et_pb_row][\/et_pb_section]<\/p>\n","protected":false},"excerpt":{"rendered":"<p>POL\u00cdTICA DE PRIVACIDAD &nbsp; &nbsp; Para PREFABRICATS LOMAR, SL es importante la protecci\u00f3n de las datos personales de nuestros clientes, y de todos aquellos que visitan nuestra web, y por eso hemos desarrollado una pol\u00edtica de seguridad que cumple con todos los requisitos del Reglamento General de Protecci\u00f3n de Datos. &nbsp; En esta pol\u00edtica de [&hellip;]<\/p>\n","protected":false},"author":1,"featured_media":0,"parent":0,"menu_order":0,"comment_status":"closed","ping_status":"closed","template":"","meta":{"_et_pb_use_builder":"on","_et_pb_old_content":"","_et_gb_content_width":"","om_disable_all_campaigns":false},"yoast_head":"<!-- This site is optimized with the Yoast SEO plugin v20.13 - https:\/\/yoast.com\/wordpress\/plugins\/seo\/ -->\n<title>Privacy Policy - PREFABRICATS LOMAR SL<\/title>\n<meta name=\"robots\" content=\"index, follow, max-snippet:-1, max-image-preview:large, max-video-preview:-1\" \/>\n<link rel=\"canonical\" href=\"https:\/\/prefabricatslomar.com\/es\/privacy-policy\/\" \/>\n<meta property=\"og:locale\" content=\"es_ES\" \/>\n<meta property=\"og:type\" content=\"article\" \/>\n<meta property=\"og:title\" content=\"Privacy Policy - PREFABRICATS LOMAR SL\" \/>\n<meta property=\"og:description\" content=\"POL\u00cdTICA DE PRIVACIDAD &nbsp; &nbsp; Para PREFABRICATS LOMAR, SL es importante la protecci\u00f3n de las datos personales de nuestros clientes, y de todos aquellos que visitan nuestra web, y por eso hemos desarrollado una pol\u00edtica de seguridad que cumple con todos los requisitos del Reglamento General de Protecci\u00f3n de Datos. &nbsp; En esta pol\u00edtica de [&hellip;]\" \/>\n<meta property=\"og:url\" content=\"https:\/\/prefabricatslomar.com\/es\/privacy-policy\/\" \/>\n<meta property=\"og:site_name\" content=\"PREFABRICATS LOMAR SL\" \/>\n<meta property=\"article:modified_time\" content=\"2023-03-20T18:07:05+00:00\" \/>\n<meta name=\"twitter:card\" content=\"summary_large_image\" \/>\n<meta name=\"twitter:site\" content=\"@lomarterrazo\" \/>\n<meta name=\"twitter:label1\" content=\"Tiempo de lectura\" \/>\n\t<meta name=\"twitter:data1\" content=\"5 minutos\" \/>\n<script type=\"application\/ld+json\" class=\"yoast-schema-graph\">{\"@context\":\"https:\/\/schema.org\",\"@graph\":[{\"@type\":\"WebPage\",\"@id\":\"https:\/\/prefabricatslomar.com\/es\/privacy-policy\/\",\"url\":\"https:\/\/prefabricatslomar.com\/es\/privacy-policy\/\",\"name\":\"Privacy Policy - PREFABRICATS LOMAR SL\",\"isPartOf\":{\"@id\":\"https:\/\/prefabricatslomar.com\/es\/#website\"},\"datePublished\":\"2019-11-13T15:33:11+00:00\",\"dateModified\":\"2023-03-20T18:07:05+00:00\",\"breadcrumb\":{\"@id\":\"https:\/\/prefabricatslomar.com\/es\/privacy-policy\/#breadcrumb\"},\"inLanguage\":\"es\",\"potentialAction\":[{\"@type\":\"ReadAction\",\"target\":[\"https:\/\/prefabricatslomar.com\/es\/privacy-policy\/\"]}]},{\"@type\":\"BreadcrumbList\",\"@id\":\"https:\/\/prefabricatslomar.com\/es\/privacy-policy\/#breadcrumb\",\"itemListElement\":[{\"@type\":\"ListItem\",\"position\":1,\"name\":\"Qui som\",\"item\":\"https:\/\/prefabricatslomar.com\/es\/\"},{\"@type\":\"ListItem\",\"position\":2,\"name\":\"Privacy Policy\"}]},{\"@type\":\"WebSite\",\"@id\":\"https:\/\/prefabricatslomar.com\/es\/#website\",\"url\":\"https:\/\/prefabricatslomar.com\/es\/\",\"name\":\"PREFABRICATS LOMAR SL\",\"description\":\"Forjats i Terratzos\",\"publisher\":{\"@id\":\"https:\/\/prefabricatslomar.com\/es\/#organization\"},\"potentialAction\":[{\"@type\":\"SearchAction\",\"target\":{\"@type\":\"EntryPoint\",\"urlTemplate\":\"https:\/\/prefabricatslomar.com\/es\/?s={search_term_string}\"},\"query-input\":\"required name=search_term_string\"}],\"inLanguage\":\"es\"},{\"@type\":\"Organization\",\"@id\":\"https:\/\/prefabricatslomar.com\/es\/#organization\",\"name\":\"Prefabricats Lomar SL\",\"url\":\"https:\/\/prefabricatslomar.com\/es\/\",\"logo\":{\"@type\":\"ImageObject\",\"inLanguage\":\"es\",\"@id\":\"https:\/\/prefabricatslomar.com\/es\/#\/schema\/logo\/image\/\",\"url\":\"https:\/\/prefabricatslomar.com\/wp-content\/uploads\/2019\/11\/logo.jpeg\",\"contentUrl\":\"https:\/\/prefabricatslomar.com\/wp-content\/uploads\/2019\/11\/logo.jpeg\",\"width\":2275,\"height\":2275,\"caption\":\"Prefabricats Lomar SL\"},\"image\":{\"@id\":\"https:\/\/prefabricatslomar.com\/es\/#\/schema\/logo\/image\/\"},\"sameAs\":[\"https:\/\/twitter.com\/lomarterrazo\",\"https:\/\/www.instagram.com\/prefabricats_lomar\/\",\"https:\/\/www.linkedin.com\/company\/prefabricats-lomar-sl\/about\/\"]}]}<\/script>\n<!-- \/ Yoast SEO plugin. -->","yoast_head_json":{"title":"Privacy Policy - PREFABRICATS LOMAR SL","robots":{"index":"index","follow":"follow","max-snippet":"max-snippet:-1","max-image-preview":"max-image-preview:large","max-video-preview":"max-video-preview:-1"},"canonical":"https:\/\/prefabricatslomar.com\/es\/privacy-policy\/","og_locale":"es_ES","og_type":"article","og_title":"Privacy Policy - PREFABRICATS LOMAR SL","og_description":"POL\u00cdTICA DE PRIVACIDAD &nbsp; &nbsp; Para PREFABRICATS LOMAR, SL es importante la protecci\u00f3n de las datos personales de nuestros clientes, y de todos aquellos que visitan nuestra web, y por eso hemos desarrollado una pol\u00edtica de seguridad que cumple con todos los requisitos del Reglamento General de Protecci\u00f3n de Datos. &nbsp; En esta pol\u00edtica de [&hellip;]","og_url":"https:\/\/prefabricatslomar.com\/es\/privacy-policy\/","og_site_name":"PREFABRICATS LOMAR SL","article_modified_time":"2023-03-20T18:07:05+00:00","twitter_card":"summary_large_image","twitter_site":"@lomarterrazo","twitter_misc":{"Tiempo de lectura":"5 minutos"},"schema":{"@context":"https:\/\/schema.org","@graph":[{"@type":"WebPage","@id":"https:\/\/prefabricatslomar.com\/es\/privacy-policy\/","url":"https:\/\/prefabricatslomar.com\/es\/privacy-policy\/","name":"Privacy Policy - PREFABRICATS LOMAR SL","isPartOf":{"@id":"https:\/\/prefabricatslomar.com\/es\/#website"},"datePublished":"2019-11-13T15:33:11+00:00","dateModified":"2023-03-20T18:07:05+00:00","breadcrumb":{"@id":"https:\/\/prefabricatslomar.com\/es\/privacy-policy\/#breadcrumb"},"inLanguage":"es","potentialAction":[{"@type":"ReadAction","target":["https:\/\/prefabricatslomar.com\/es\/privacy-policy\/"]}]},{"@type":"BreadcrumbList","@id":"https:\/\/prefabricatslomar.com\/es\/privacy-policy\/#breadcrumb","itemListElement":[{"@type":"ListItem","position":1,"name":"Qui som","item":"https:\/\/prefabricatslomar.com\/es\/"},{"@type":"ListItem","position":2,"name":"Privacy Policy"}]},{"@type":"WebSite","@id":"https:\/\/prefabricatslomar.com\/es\/#website","url":"https:\/\/prefabricatslomar.com\/es\/","name":"PREFABRICATS LOMAR SL","description":"Forjats i Terratzos","publisher":{"@id":"https:\/\/prefabricatslomar.com\/es\/#organization"},"potentialAction":[{"@type":"SearchAction","target":{"@type":"EntryPoint","urlTemplate":"https:\/\/prefabricatslomar.com\/es\/?s={search_term_string}"},"query-input":"required name=search_term_string"}],"inLanguage":"es"},{"@type":"Organization","@id":"https:\/\/prefabricatslomar.com\/es\/#organization","name":"Prefabricats Lomar SL","url":"https:\/\/prefabricatslomar.com\/es\/","logo":{"@type":"ImageObject","inLanguage":"es","@id":"https:\/\/prefabricatslomar.com\/es\/#\/schema\/logo\/image\/","url":"https:\/\/prefabricatslomar.com\/wp-content\/uploads\/2019\/11\/logo.jpeg","contentUrl":"https:\/\/prefabricatslomar.com\/wp-content\/uploads\/2019\/11\/logo.jpeg","width":2275,"height":2275,"caption":"Prefabricats Lomar SL"},"image":{"@id":"https:\/\/prefabricatslomar.com\/es\/#\/schema\/logo\/image\/"},"sameAs":["https:\/\/twitter.com\/lomarterrazo","https:\/\/www.instagram.com\/prefabricats_lomar\/","https:\/\/www.linkedin.com\/company\/prefabricats-lomar-sl\/about\/"]}]}},"_links":{"self":[{"href":"https:\/\/prefabricatslomar.com\/es\/wp-json\/wp\/v2\/pages\/1435"}],"collection":[{"href":"https:\/\/prefabricatslomar.com\/es\/wp-json\/wp\/v2\/pages"}],"about":[{"href":"https:\/\/prefabricatslomar.com\/es\/wp-json\/wp\/v2\/types\/page"}],"author":[{"embeddable":true,"href":"https:\/\/prefabricatslomar.com\/es\/wp-json\/wp\/v2\/users\/1"}],"replies":[{"embeddable":true,"href":"https:\/\/prefabricatslomar.com\/es\/wp-json\/wp\/v2\/comments?post=1435"}],"version-history":[{"count":3,"href":"https:\/\/prefabricatslomar.com\/es\/wp-json\/wp\/v2\/pages\/1435\/revisions"}],"predecessor-version":[{"id":1439,"href":"https:\/\/prefabricatslomar.com\/es\/wp-json\/wp\/v2\/pages\/1435\/revisions\/1439"}],"wp:attachment":[{"href":"https:\/\/prefabricatslomar.com\/es\/wp-json\/wp\/v2\/media?parent=1435"}],"curies":[{"name":"wp","href":"https:\/\/api.w.org\/{rel}","templated":true}]}}