{"id":1589,"date":"2020-08-08T10:15:14","date_gmt":"2020-08-08T08:15:14","guid":{"rendered":"https:\/\/prefabricatslomar.com\/sostenibilidad-y-medio-ambiente\/"},"modified":"2023-03-20T19:08:38","modified_gmt":"2023-03-20T18:08:38","slug":"sostenibilidad-y-medio-ambiente","status":"publish","type":"page","link":"https:\/\/prefabricatslomar.com\/es\/sostenibilidad-y-medio-ambiente\/","title":{"rendered":"Sostenibilidad y Medio Ambiente"},"content":{"rendered":"<p>[et_pb_section fb_built=\u00bb1&#8243; admin_label=\u00bbHero\u00bb _builder_version=\u00bb4.0.6&#8243; use_background_color_gradient=\u00bbon\u00bb background_color_gradient_start=\u00bbrgba(40,40,40,0.79)\u00bb background_color_gradient_end=\u00bbrgba(40,40,40,0.86)\u00bb background_color_gradient_type=\u00bbradial\u00bb background_color_gradient_direction_radial=\u00bbtop left\u00bb background_color_gradient_overlays_image=\u00bbon\u00bb background_image=\u00bbhttps:\/\/prefabricatslomar.com\/wp-content\/uploads\/2019\/11\/construction-33.jpg\u00bb custom_margin=\u00bb||||false\u00bb custom_padding=\u00bb0vw||0vw||true|false\u00bb][et_pb_row column_structure=\u00bb2_3,1_3&#8243; _builder_version=\u00bb4.0.6&#8243;][et_pb_column type=\u00bb2_3&#8243; _builder_version=\u00bb4.0.6&#8243; custom_padding=\u00bb|||\u00bb custom_padding__hover=\u00bb|||\u00bb][et_pb_text _builder_version=\u00bb4.0.6&#8243; text_font=\u00bb||||||||\u00bb header_font=\u00bbLato|700|||||||\u00bb header_font_size=\u00bb64px\u00bb header_line_height=\u00bb1.1em\u00bb background_layout=\u00bbdark\u00bb custom_margin=\u00bb||0px|\u00bb custom_padding=\u00bb|||16px\u00bb text_font_size_tablet=\u00bb14px\u00bb text_font_size_last_edited=\u00bboff|desktop\u00bb header_font_size_tablet=\u00bb44px\u00bb header_font_size_phone=\u00bb32px\u00bb header_font_size_last_edited=\u00bbon|phone\u00bb border_color_all=\u00bb#e72b20&#8243; border_width_left=\u00bb10px\u00bb]<\/p>\n<h1><span><\/span><\/h1>\n<h1><span><\/span><\/h1>\n<h1>Sostenibilidad y<\/h1>\n<h1>Medio Ambiente<\/h1>\n<p>&nbsp;<\/p>\n<p>[\/et_pb_text][\/et_pb_column][et_pb_column type=\u00bb1_3&#8243; _builder_version=\u00bb3.25&#8243; custom_padding=\u00bb|||\u00bb custom_padding__hover=\u00bb|||\u00bb][\/et_pb_column][\/et_pb_row][\/et_pb_section][et_pb_section fb_built=\u00bb1&#8243; admin_label=\u00bbRelated Services\u00bb _builder_version=\u00bb3.22&#8243; background_color=\u00bb#f7f7f7&#8243;][et_pb_row _builder_version=\u00bb4.5.1&#8243; _module_preset=\u00bbdefault\u00bb][et_pb_column type=\u00bb4_4&#8243; _builder_version=\u00bb4.5.1&#8243; _module_preset=\u00bbdefault\u00bb][et_pb_text _builder_version=\u00bb4.5.1&#8243; _module_preset=\u00bbdefault\u00bb hover_enabled=\u00bb0&#8243; header_4_line_height=\u00bb1.5em\u00bb]<\/p>\n<h4><strong>Prefabricats Lomar SL<\/strong> ha adquirido un compromiso para colaborar con el desarrollo <strong>sostenible y el medio ambiente.<\/strong><\/h4>\n<h4>Reutilizamos el agua con un circuito cerrado.<\/h4>\n<h4>La producci\u00f3n de los pavimentos de hormig\u00f3n no requiere de hornos de alta temperatura, sino que el proceso se realiza con prensas hidr\u00e1ulicas o con m\u00e1quina extrusionadora en el caso de las vigas. Una vez fabricados, los productos se dejan en la secci\u00f3n de secado a temperatura ambiente hasta su puesta en obra, por tanto a un coste cero en esta parte del proceso energ\u00e9ticamente hablando.<\/h4>\n<h4>En cuanto a pavimentos de interior para edificaciones con calefacci\u00f3n sistema radiante, el pavimento de terrazo con los 3 cm. de grosor de solera + 3,2 de grosor medio habitual en las piezas de formato 40&#215;40 cm. nos asegurar\u00e1 una buena retenci\u00f3n de la temperatura en la vivienda con el consiguiente ahorro energ\u00e9tico. Si a esto le a\u00f1adimos que tambi\u00e9n es el pavimento m\u00e1s adecuado para cumplir con el DB-HR del C\u00f3digo T\u00e9cnico de la Edificaci\u00f3n en la resistencia al ruido tanto de impacto como a\u00e9reo, vemos que estamos ante un producto sostenible desde su fabricaci\u00f3n hasta el fin de su utilizaci\u00f3n que, a su vez, se puede reciclar por completo y volver a utilizar para fabricar un nuevo pavimento. Ofrecemos una nueva l\u00ednea de pavimentos exteriores con descontaminante mediante un proceso de oxidaci\u00f3n natural TX active.<\/h4>\n<h4>Desde el punto de vista de impacto ambiental, las viguetas pretensadas, dada su fabricaci\u00f3n industrializada y los pavimentos de interior y exterior, generan muy pocos materiales sobrantes y un bajo gasto energ\u00e9tico. Los residuos de embalaje se devuelven al proveedor y realizamos las investigaciones y desarrollo necesarios para ser lo m\u00e1s sostenibles posible.<\/h4>\n<p>[\/et_pb_text][\/et_pb_column][\/et_pb_row][\/et_pb_section][et_pb_section fb_built=\u00bb1&#8243; _builder_version=\u00bb4.0.6&#8243; background_color=\u00bb#efefef\u00bb custom_padding=\u00bb12px|0px|12px|0px|true|false\u00bb global_module=\u00bb276&#8243; saved_tabs=\u00bball\u00bb][et_pb_row _builder_version=\u00bb3.25&#8243;][et_pb_column type=\u00bb4_4&#8243; _builder_version=\u00bb3.25&#8243; custom_padding=\u00bb|||\u00bb custom_padding__hover=\u00bb|||\u00bb][et_pb_text _builder_version=\u00bb3.27.4&#8243; text_font=\u00bb||||||||\u00bb header_font=\u00bb||||||||\u00bb header_2_font=\u00bbRubik|700|||||||\u00bb header_2_font_size=\u00bb60px\u00bb header_2_line_height=\u00bb1.2em\u00bb text_orientation=\u00bbcenter\u00bb custom_margin=\u00bb|||\u00bb custom_padding=\u00bb|||\u00bb header_2_font_size_tablet=\u00bb\u00bb header_2_font_size_phone=\u00bb36px\u00bb header_2_font_size_last_edited=\u00bbon|desktop\u00bb locked=\u00bboff\u00bb]<\/p>\n<pre class=\"tw-data-text tw-text-large tw-ta\" data-placeholder=\"Traducci\u00f3n\" id=\"tw-target-text\" dir=\"ltr\"><\/pre>\n<h2><span lang=\"ca\" tabindex=\"0\">\u00bfTiene un proyecto en mente? <\/span><\/h2>\n<p>[\/et_pb_text][\/et_pb_column][\/et_pb_row][et_pb_row _builder_version=\u00bb4.0.6&#8243; custom_margin=\u00bb|auto|-12px|auto||\u00bb custom_padding=\u00bb1px|||||\u00bb][et_pb_column type=\u00bb4_4&#8243; _builder_version=\u00bb4.0.6&#8243;][et_pb_button button_url=\u00bbhttps:\/\/prefabricatslomar.com\/es\/?page_id=1418&#8243; url_new_window=\u00bbon\u00bb button_text=\u00bbFormulario\u00bb button_alignment=\u00bbcenter\u00bb _builder_version=\u00bb4.5.1&#8243; custom_button=\u00bbon\u00bb button_text_color=\u00bb#e72b20&#8243;][\/et_pb_button][\/et_pb_column][\/et_pb_row][\/et_pb_section]<\/p>\n","protected":false},"excerpt":{"rendered":"<p>Pavimentos interiores terrazo Prefabrcados Lomar SL<\/p>\n","protected":false},"author":3,"featured_media":0,"parent":0,"menu_order":0,"comment_status":"closed","ping_status":"closed","template":"","meta":{"_et_pb_use_builder":"on","_et_pb_old_content":"","_et_gb_content_width":"","om_disable_all_campaigns":false},"yoast_head":"<!-- This site is optimized with the Yoast SEO plugin v20.13 - https:\/\/yoast.com\/wordpress\/plugins\/seo\/ -->\n<title>Sostenibilidad y Medio Ambiente - PREFABRICATS LOMAR SL<\/title>\n<meta name=\"robots\" content=\"index, follow, max-snippet:-1, max-image-preview:large, max-video-preview:-1\" \/>\n<link rel=\"canonical\" href=\"https:\/\/prefabricatslomar.com\/es\/sostenibilidad-y-medio-ambiente\/\" \/>\n<meta property=\"og:locale\" content=\"es_ES\" \/>\n<meta property=\"og:type\" content=\"article\" \/>\n<meta property=\"og:title\" content=\"Sostenibilidad y Medio Ambiente - PREFABRICATS LOMAR SL\" \/>\n<meta property=\"og:description\" content=\"Pavimentos interiores terrazo Prefabrcados Lomar SL\" \/>\n<meta property=\"og:url\" content=\"https:\/\/prefabricatslomar.com\/es\/sostenibilidad-y-medio-ambiente\/\" \/>\n<meta property=\"og:site_name\" content=\"PREFABRICATS LOMAR SL\" \/>\n<meta property=\"article:modified_time\" content=\"2023-03-20T18:08:38+00:00\" \/>\n<meta name=\"twitter:card\" content=\"summary_large_image\" \/>\n<meta name=\"twitter:site\" content=\"@lomarterrazo\" \/>\n<meta name=\"twitter:label1\" content=\"Tiempo de lectura\" \/>\n\t<meta name=\"twitter:data1\" content=\"3 minutos\" \/>\n<script type=\"application\/ld+json\" class=\"yoast-schema-graph\">{\"@context\":\"https:\/\/schema.org\",\"@graph\":[{\"@type\":\"WebPage\",\"@id\":\"https:\/\/prefabricatslomar.com\/es\/sostenibilidad-y-medio-ambiente\/\",\"url\":\"https:\/\/prefabricatslomar.com\/es\/sostenibilidad-y-medio-ambiente\/\",\"name\":\"Sostenibilidad y Medio Ambiente - PREFABRICATS LOMAR SL\",\"isPartOf\":{\"@id\":\"https:\/\/prefabricatslomar.com\/es\/#website\"},\"datePublished\":\"2020-08-08T08:15:14+00:00\",\"dateModified\":\"2023-03-20T18:08:38+00:00\",\"breadcrumb\":{\"@id\":\"https:\/\/prefabricatslomar.com\/es\/sostenibilidad-y-medio-ambiente\/#breadcrumb\"},\"inLanguage\":\"es\",\"potentialAction\":[{\"@type\":\"ReadAction\",\"target\":[\"https:\/\/prefabricatslomar.com\/es\/sostenibilidad-y-medio-ambiente\/\"]}]},{\"@type\":\"BreadcrumbList\",\"@id\":\"https:\/\/prefabricatslomar.com\/es\/sostenibilidad-y-medio-ambiente\/#breadcrumb\",\"itemListElement\":[{\"@type\":\"ListItem\",\"position\":1,\"name\":\"Qui som\",\"item\":\"https:\/\/prefabricatslomar.com\/es\/\"},{\"@type\":\"ListItem\",\"position\":2,\"name\":\"Sostenibilidad y Medio Ambiente\"}]},{\"@type\":\"WebSite\",\"@id\":\"https:\/\/prefabricatslomar.com\/es\/#website\",\"url\":\"https:\/\/prefabricatslomar.com\/es\/\",\"name\":\"PREFABRICATS LOMAR SL\",\"description\":\"Forjats i Terratzos\",\"publisher\":{\"@id\":\"https:\/\/prefabricatslomar.com\/es\/#organization\"},\"potentialAction\":[{\"@type\":\"SearchAction\",\"target\":{\"@type\":\"EntryPoint\",\"urlTemplate\":\"https:\/\/prefabricatslomar.com\/es\/?s={search_term_string}\"},\"query-input\":\"required name=search_term_string\"}],\"inLanguage\":\"es\"},{\"@type\":\"Organization\",\"@id\":\"https:\/\/prefabricatslomar.com\/es\/#organization\",\"name\":\"Prefabricats Lomar SL\",\"url\":\"https:\/\/prefabricatslomar.com\/es\/\",\"logo\":{\"@type\":\"ImageObject\",\"inLanguage\":\"es\",\"@id\":\"https:\/\/prefabricatslomar.com\/es\/#\/schema\/logo\/image\/\",\"url\":\"https:\/\/prefabricatslomar.com\/wp-content\/uploads\/2019\/11\/logo.jpeg\",\"contentUrl\":\"https:\/\/prefabricatslomar.com\/wp-content\/uploads\/2019\/11\/logo.jpeg\",\"width\":2275,\"height\":2275,\"caption\":\"Prefabricats Lomar SL\"},\"image\":{\"@id\":\"https:\/\/prefabricatslomar.com\/es\/#\/schema\/logo\/image\/\"},\"sameAs\":[\"https:\/\/twitter.com\/lomarterrazo\",\"https:\/\/www.instagram.com\/prefabricats_lomar\/\",\"https:\/\/www.linkedin.com\/company\/prefabricats-lomar-sl\/about\/\"]}]}<\/script>\n<!-- \/ Yoast SEO plugin. -->","yoast_head_json":{"title":"Sostenibilidad y Medio Ambiente - PREFABRICATS LOMAR SL","robots":{"index":"index","follow":"follow","max-snippet":"max-snippet:-1","max-image-preview":"max-image-preview:large","max-video-preview":"max-video-preview:-1"},"canonical":"https:\/\/prefabricatslomar.com\/es\/sostenibilidad-y-medio-ambiente\/","og_locale":"es_ES","og_type":"article","og_title":"Sostenibilidad y Medio Ambiente - PREFABRICATS LOMAR SL","og_description":"Pavimentos interiores terrazo Prefabrcados Lomar SL","og_url":"https:\/\/prefabricatslomar.com\/es\/sostenibilidad-y-medio-ambiente\/","og_site_name":"PREFABRICATS LOMAR SL","article_modified_time":"2023-03-20T18:08:38+00:00","twitter_card":"summary_large_image","twitter_site":"@lomarterrazo","twitter_misc":{"Tiempo de lectura":"3 minutos"},"schema":{"@context":"https:\/\/schema.org","@graph":[{"@type":"WebPage","@id":"https:\/\/prefabricatslomar.com\/es\/sostenibilidad-y-medio-ambiente\/","url":"https:\/\/prefabricatslomar.com\/es\/sostenibilidad-y-medio-ambiente\/","name":"Sostenibilidad y Medio Ambiente - PREFABRICATS LOMAR SL","isPartOf":{"@id":"https:\/\/prefabricatslomar.com\/es\/#website"},"datePublished":"2020-08-08T08:15:14+00:00","dateModified":"2023-03-20T18:08:38+00:00","breadcrumb":{"@id":"https:\/\/prefabricatslomar.com\/es\/sostenibilidad-y-medio-ambiente\/#breadcrumb"},"inLanguage":"es","potentialAction":[{"@type":"ReadAction","target":["https:\/\/prefabricatslomar.com\/es\/sostenibilidad-y-medio-ambiente\/"]}]},{"@type":"BreadcrumbList","@id":"https:\/\/prefabricatslomar.com\/es\/sostenibilidad-y-medio-ambiente\/#breadcrumb","itemListElement":[{"@type":"ListItem","position":1,"name":"Qui som","item":"https:\/\/prefabricatslomar.com\/es\/"},{"@type":"ListItem","position":2,"name":"Sostenibilidad y Medio Ambiente"}]},{"@type":"WebSite","@id":"https:\/\/prefabricatslomar.com\/es\/#website","url":"https:\/\/prefabricatslomar.com\/es\/","name":"PREFABRICATS LOMAR SL","description":"Forjats i Terratzos","publisher":{"@id":"https:\/\/prefabricatslomar.com\/es\/#organization"},"potentialAction":[{"@type":"SearchAction","target":{"@type":"EntryPoint","urlTemplate":"https:\/\/prefabricatslomar.com\/es\/?s={search_term_string}"},"query-input":"required name=search_term_string"}],"inLanguage":"es"},{"@type":"Organization","@id":"https:\/\/prefabricatslomar.com\/es\/#organization","name":"Prefabricats Lomar SL","url":"https:\/\/prefabricatslomar.com\/es\/","logo":{"@type":"ImageObject","inLanguage":"es","@id":"https:\/\/prefabricatslomar.com\/es\/#\/schema\/logo\/image\/","url":"https:\/\/prefabricatslomar.com\/wp-content\/uploads\/2019\/11\/logo.jpeg","contentUrl":"https:\/\/prefabricatslomar.com\/wp-content\/uploads\/2019\/11\/logo.jpeg","width":2275,"height":2275,"caption":"Prefabricats Lomar SL"},"image":{"@id":"https:\/\/prefabricatslomar.com\/es\/#\/schema\/logo\/image\/"},"sameAs":["https:\/\/twitter.com\/lomarterrazo","https:\/\/www.instagram.com\/prefabricats_lomar\/","https:\/\/www.linkedin.com\/company\/prefabricats-lomar-sl\/about\/"]}]}},"_links":{"self":[{"href":"https:\/\/prefabricatslomar.com\/es\/wp-json\/wp\/v2\/pages\/1589"}],"collection":[{"href":"https:\/\/prefabricatslomar.com\/es\/wp-json\/wp\/v2\/pages"}],"about":[{"href":"https:\/\/prefabricatslomar.com\/es\/wp-json\/wp\/v2\/types\/page"}],"author":[{"embeddable":true,"href":"https:\/\/prefabricatslomar.com\/es\/wp-json\/wp\/v2\/users\/3"}],"replies":[{"embeddable":true,"href":"https:\/\/prefabricatslomar.com\/es\/wp-json\/wp\/v2\/comments?post=1589"}],"version-history":[{"count":4,"href":"https:\/\/prefabricatslomar.com\/es\/wp-json\/wp\/v2\/pages\/1589\/revisions"}],"predecessor-version":[{"id":1601,"href":"https:\/\/prefabricatslomar.com\/es\/wp-json\/wp\/v2\/pages\/1589\/revisions\/1601"}],"wp:attachment":[{"href":"https:\/\/prefabricatslomar.com\/es\/wp-json\/wp\/v2\/media?parent=1589"}],"curies":[{"name":"wp","href":"https:\/\/api.w.org\/{rel}","templated":true}]}}