{"id":1607,"date":"2021-02-16T12:02:10","date_gmt":"2021-02-16T11:02:10","guid":{"rendered":"https:\/\/prefabricatslomar.com\/politica-de-cookies\/"},"modified":"2023-03-20T19:09:29","modified_gmt":"2023-03-20T18:09:29","slug":"politica-de-cookies","status":"publish","type":"page","link":"https:\/\/prefabricatslomar.com\/es\/politica-de-cookies\/","title":{"rendered":"Pol\u00edtica de Cookies"},"content":{"rendered":"<p>[et_pb_section fb_built=\u00bb1&#8243; _builder_version=\u00bb3.22&#8243;][et_pb_row _builder_version=\u00bb4.0.6&#8243; background_size=\u00bbinitial\u00bb background_position=\u00bbtop_left\u00bb background_repeat=\u00bbrepeat\u00bb][et_pb_column type=\u00bb4_4&#8243; _builder_version=\u00bb3.25&#8243; custom_padding=\u00bb|||\u00bb custom_padding__hover=\u00bb|||\u00bb][et_pb_text _builder_version=\u00bb4.5.1&#8243; background_size=\u00bbinitial\u00bb background_position=\u00bbtop_left\u00bb background_repeat=\u00bbrepeat\u00bb width=\u00bb100%\u00bb custom_padding=\u00bb|107px||||\u00bb hover_enabled=\u00bb0&#8243;]<!-- divi:heading --><span style=\"font-size: xx-large;\"><strong>POL\u00cdTICA DE COOKIES<\/strong> <\/span><\/p>\n<p>&nbsp;<\/p>\n<p>&nbsp;<\/p>\n<p>&nbsp;<\/p>\n<h4>DEFINICI\u00d3N Y FUNCI\u00d3N DE COOKIES:<\/h4>\n<p>Una cookie es un archivo que se descarga en su ordenador al acceder a determinadas p\u00e1ginas web. Las cookies permiten a una p\u00e1gina web, entre otras cosas, almacenar y recuperar informaci\u00f3n sobre los h\u00e1bitos de navegaci\u00f3n de un usuario o su equipo y, dependiendo de la informaci\u00f3n que contengan y de la forma en que utilice su equipo, pueden utilizarse para reconocer al usuario. Las cookies se asocian \u00fanicamente a un usuario an\u00f3nimo y su ordenador o dispositivo y no proporcionan referencias que permitan conocer sus datos personales.<\/p>\n<p>&nbsp;<\/p>\n<p><span style=\"font-size: large;\">TIPO DE COOKIES<\/span><\/p>\n<p>PROPIAS: Son aquellas que se env\u00edan al equipo terminal del usuario desde un equipo o dominio gestionado por el propio editor y desde el que se presta el servicio Solicitado por el usuario.<\/p>\n<p>DE TERCEROS: Son aquellas que se env\u00edan al equipo terminal del usuario desde un equipo o dominio que no est\u00e1 gestionado por el editor, sino por otra entidad que trata las datos obtenidas a trav\u00e9s de las cookies.<\/p>\n<p>EN FUNCI\u00d3N DE LA DURACI\u00d3N<\/p>\n<p>COOKIES DE SESI\u00d3N: Son un tipo de cookies dise\u00f1adas para recabar y almacenar datos mientras el usuario accede a una p\u00e1gina web.<\/p>\n<p>COOKIES PERSISTENTES: Son un tipo de cookies en las que las datos sean almacenadas en el terminal y pueden ser accedidas y tratadas durante un per\u00edodo definido por el responsable de la cookie, y que puede ir de unos minutos a varios a\u00f1os.<\/p>\n<p>EN FUNCI\u00d3N DE LA FINALIDAD<\/p>\n<p>COOKIES DE AN\u00c1LISIS: Son aquellas que bien tratadas por nosotros o por terceros, nos permiten cuantificar el n\u00famero de usuarios y as\u00ed realizar la medici\u00f3n y an\u00e1lisis estad\u00edstico de la utilizaci\u00f3n que hacen los usuarios del servicio ofertado. Para ello se analiza su navegaci\u00f3n en nuestra p\u00e1gina web con el fin de mejorar la oferta de productos o servicios que le ofrecemos.<\/p>\n<p>COOKIES PUBLICITARIAS: Son aquellas que permiten la gesti\u00f3n, de la forma m\u00e1s eficaz posible, de los espacios publicitarios que, en su caso, el editor haya incluido en una p\u00e1gina web, aplicaci\u00f3n o plataforma desde la que presta el servicio solicitado en base a criterios como el contenido editado o la frecuencia en la que se muestran los anuncios.<\/p>\n<p>COOKIES DE PUBLICIDAD COMPORTAMENTAL: Son aquellas que permiten la gesti\u00f3n, de la forma m\u00e1s eficaz posible, de los espacios publicitarios que, en su caso, el editor haya incluido en una p\u00e1gina web, aplicaci\u00f3n o plataforma desde la que presta el servicio solicitado. Estas cookies almacenan informaci\u00f3n del comportamiento de los usuarios obtenida a trav\u00e9s de la observaci\u00f3n continuada de sus h\u00e1bitos de navegaci\u00f3n, lo que permite desarrollar un perfil espec\u00edfico para mostrar publicidad en funci\u00f3n del mismo. Asimismo es posible que al visitar alguna pagina web o al abrir alg\u00fan email donde se publique alg\u00fan anuncio o alguna promoci\u00f3n sobre nuestros productos o servicios se instale en tu navegador alguna cookie que nos sirve para mostrarte posteriormente publicidad relacionada con la b\u00fasqueda que hayas realizado, desarrollar un control de nuestros anuncios<\/p>\n<p>COOKIES T\u00c9CNICAS: Son aquellas que permiten al usuario la navegaci\u00f3n a trav\u00e9s de una p\u00e1gina web, plataforma o aplicaci\u00f3n y la utilizaci\u00f3n de las diferentes opciones o servicios que en ella existan como, por ejemplo, controlar el tr\u00e1fico y la comunicaci\u00f3n de datos, identificar la sesi\u00f3n, acceder a partes de acceso restringido, recordar los elementos que integran un pedido, realizar el proceso de compra de un pedido, realizar la solicitud de inscripci\u00f3n o participaci\u00f3n en un evento, utilizar elementos de seguridad durante la navegaci\u00f3n, almacenar contenidos para la difusi\u00f3n de v\u00eddeos o sonido o compartir contenidos a trav\u00e9s de redes sociales.<\/p>\n<p>COOKIES DE PERSONALIZACI\u00d3N: Son aquellas que permiten al usuario acceder al servicio con algunas caracter\u00edsticas de car\u00e1cter general predefinidas en funci\u00f3n de una serie de criterios en el terminal del usuario como por ejemplo ser\u00edan el idioma, el tipo de navegador a trav\u00e9s del cual accede al servicio , la configuraci\u00f3n regional desde donde accede al servicio, etc.<\/p>\n<p>&nbsp;<\/p>\n<p><span style=\"font-size: large;\">COOKIES UTILIZADAS POR PREFABRICADOS LOMAR, SL<\/span><\/p>\n<p>Los usuarios, si lo desean, pueden inhabilitar el uso de cookies de un proveedor tercero a trav\u00e9s de la <a href=\"http:\/\/www.networkadvertising.org\/choices\/\">p\u00e1gina de inhabilitaci\u00f3n de Network Advertising Initiative http:\/\/www.networkadvertising.org\/choices\/<\/a> .<\/p>\n<p>ADEM\u00c1S, LOS TERCEROS PRESTADORES DE SERVICIOS CON LOS QUE HEMOS CONTRATADO ALGUNO SERVICIO PARA LO QUE SE NECESARIO LA UTILIZACI\u00d3N DE COOKIES SON:<\/p>\n<p><strong>Revocaci\u00f3n y eliminaci\u00f3n de cookies<\/strong><\/p>\n<p>Puedes permitir, bloquear o eliminar las cookies instaladas en tu equipo mediante la configuraci\u00f3n de las opciones del navegador instalado en tu ordenador, en caso de que no permitas la instalaci\u00f3n de cookies en tu navegador es posible que no puedas acceder a alguna de las secciones de nuestras webs.<\/p>\n<p>Para m\u00e1s informaci\u00f3n sobre c\u00f3mo bloquear el uso de las cookies puedes visitar los siguientes enlaces:<\/p>\n<ul>\n<li> <strong>Internet Explorer<\/strong> : Herramientas -&gt; Opciones de Internet -&gt; Privacidad -&gt; Configuraci\u00f3n.<br \/> Para m\u00e1s informaci\u00f3n, puede consultar el soporte de <a href=\"http:\/\/windows.microsoft.com\/es-es\/internet-explorer\/delete-manage-cookies\">Microsoft<\/a> o la Ayuda del navegador.<\/li>\n<li> <strong>Firefox<\/strong> : Herramientas -&gt; Opciones -&gt; Privacidad -&gt; Historial -&gt; Configuraci\u00f3n Personalizada.<br \/> Para m\u00e1s informaci\u00f3n, puede consultar el soporte de <a href=\"https:\/\/support.mozilla.org\/es\/products\/firefox\/privacy-and-security\">Mozilla<\/a> o Ayuda del navegador.<\/li>\n<li> <strong>Chrome<\/strong> : Configuraci\u00f3n -&gt; Mostrar opciones avanzadas -&gt; Privacidad -&gt; Configuraci\u00f3n de contenido.<br \/> Para m\u00e1s informaci\u00f3n, puede consultar el soporte de <a href=\"https:\/\/support.google.com\/chrome\/answer\/95647?hl=es&amp;ref_topic=3421433\">Google<\/a> o la Ayuda del navegador.<\/li>\n<li> <strong>Safari<\/strong> : Preferencias -&gt; Seguridad.<br \/> Para m\u00e1s informaci\u00f3n, puede consultar el soporte de <a href=\"http:\/\/www.apple.com\/es\/support\/safari\/\">Apple<\/a> o la Ayuda del navegador.<\/li>\n<\/ul>\n<p>&nbsp;<\/p>\n<p style=\"text-align: justify;\"><strong>RESPONSABLE DE LOS DATOS Y SUS TRATAMIENTOS<\/strong><\/p>\n<p>&nbsp;<\/p>\n<p style=\"text-align: justify;\">Sus datos ser\u00e1n tratados por PREFABRICATS LOMAR, SL, persona jur\u00eddica, con CIF B61740742, y domicilio social en C\/ Muntanyola, 2 08400-Granollers (BARCELONA).<\/p>\n<p>&nbsp;<\/p>\n<p style=\"text-align: justify;\"><strong>FINALIDADES DEL TRATAMIENTO Y BASE LEGAL<\/strong><\/p>\n<p>&nbsp;<\/p>\n<p style=\"text-align: justify;\">Sus datos han sido obtenidos por los siguientes medios:<\/p>\n<p>&nbsp;<\/p>\n<p style=\"text-align: justify;\">&#8211; Formulario de solicitud de certificado.<\/p>\n<p>&nbsp;<\/p>\n<p style=\"text-align: justify;\">&#8211; Formulario de atenci\u00f3n al cliente.<\/p>\n<p>&nbsp;<\/p>\n<p style=\"text-align: justify;\">&#8211; Formulario de suscripci\u00f3n a la newsletter.<\/p>\n<p>&nbsp;<\/p>\n<p style=\"text-align: justify;\"><strong>Las datos obtenidas son identificativas y de pago para realizar la compra por la web, y son las siguientes:<\/strong><\/p>\n<p>&nbsp;<\/p>\n<p style=\"text-align: justify;\">&#8211; Formulario de solicitud de certificado: n\u00famero, tel\u00e9fono, fax, m\u00f3vil, domicilio, n\u00famero del promotor, n\u00famero del arquitecto.<\/p>\n<p>&nbsp;<\/p>\n<p style=\"text-align: justify;\">&#8211; Formulario de atenci\u00f3n al cliente: n\u00famero y apellidos, e-mail, tel\u00e9fono<\/p>\n<p>&nbsp;<\/p>\n<p style=\"text-align: justify;\">&#8211; Formulario de suscripci\u00f3n a la newsletter: n\u00famero y e-mail<\/p>\n<p>&nbsp;<\/p>\n<p style=\"text-align: justify;\"><strong>Las finalidades son:<\/strong><\/p>\n<p>&nbsp;<\/p>\n<p style=\"text-align: justify;\">&#8211; Formulario de solicitud de certificado: emitir certificado de servicios prestados<\/p>\n<p>&nbsp;<\/p>\n<p style=\"text-align: justify;\">&#8211; Formulario de atenci\u00f3n al cliente: el contacto y la gesti\u00f3n comercial de clientes<\/p>\n<p>&nbsp;<\/p>\n<p style=\"text-align: justify;\">&#8211; Formulario de suscripci\u00f3n a la newsletter: registrar la solicitud del env\u00edo de mails con la newsletter.<\/p>\n<p>&nbsp;<\/p>\n<p style=\"text-align: justify;\">La base legal para el tratamiento de las datos recogidas es el consentimiento prestado en el momento de rellenar el formulario de contacto.<\/p>\n<p>&nbsp;<\/p>\n<p style=\"text-align: justify;\">La duraci\u00f3n del tratamiento es la misma que la duraci\u00f3n de la relaci\u00f3n mercantil como cliente nuestro o bien hasta la revocaci\u00f3n del consentimiento, o cancelaci\u00f3n de las datos personales facilitados con consentimiento.<\/p>\n<p>&nbsp;<\/p>\n<p style=\"text-align: justify;\"><strong>\u00bfCon qui\u00e9n compartimos las datos? <\/strong><\/p>\n<p>&nbsp;<\/p>\n<p style=\"text-align: justify;\">PREFABRICATS LOMAR, SL podr\u00e1 comunicar las datos personales de los usuarios a terceros prestadores de servicios de PREFABRICATS LOMAR, SL<\/p>\n<p>&nbsp;<\/p>\n<p style=\"text-align: justify;\">A estas empresas se les proporcionan s\u00f3lo las datos personales necesarios para la prestaci\u00f3n del servicio en cuesti\u00f3n, y \u00e9stas se comprometen a tratar dichas datos personales \u00fanica y exclusivamente para el cumplimiento de las fines arriba mencionadas.<\/p>\n<p>&nbsp;<\/p>\n<p style=\"text-align: justify;\">TRANSFERENCIAS INTERNACIONALES DE DATOS<\/p>\n<p>&nbsp;<\/p>\n<p style=\"text-align: justify;\">PREFABRICATS LOMAR, SL realiza el tratamiento de las datos del usuario en el territorio del Espacio Econ\u00f3mico Europeo (EEE), por lo que no previene realizar ninguna transferencia internacional de datos.<\/p>\n<p>&nbsp;<\/p>\n<p style=\"text-align: justify;\">DERECHOS DE LOS USUARIOS<\/p>\n<p>&nbsp;<\/p>\n<p style=\"text-align: justify;\">Mientras PREFABRICATS LOMAR, SL posea o trate las datos personales, todos los usuarios pueden, en cualquier momento y de forma gratuita, ejercer los siguientes derechos:<\/p>\n<p>&nbsp;<\/p>\n<p style=\"text-align: justify;\">&#8211; Derecho de acceso \u2013 derecho a solicitar una copia de la informaci\u00f3n que tenemos sobre usted;<\/p>\n<p>&nbsp;<\/p>\n<p style=\"text-align: justify;\">&#8211; Derecho de rectificaci\u00f3n \u2013 derecho de corregir las datos que considere inexactos o incompletos;<\/p>\n<p>&nbsp;<\/p>\n<p style=\"text-align: justify;\">&#8211; Derecho a ser olvidado\/a &#8211; en determinadas circunstancias, como usuario, puede pedir que las datos que tenemos sobre usted sean borrados de todos nuestros registros;<\/p>\n<p>&nbsp;<\/p>\n<p style=\"text-align: justify;\">&#8211; Derecho a la limitaci\u00f3n de tratamiento \u2013 cuando se apliquen determinadas condiciones para tener derecho a restringir el tratamiento;<\/p>\n<p>&nbsp;<\/p>\n<p style=\"text-align: justify;\">&#8211; Derecho de portabilidad \u2013 derecho de transferir sus datos a otra organizaci\u00f3n;<\/p>\n<p>&nbsp;<\/p>\n<p style=\"text-align: justify;\">&#8211; Derecho de oposici\u00f3n \u2013 derecho a oponerse a ciertos tipos de tratamiento, como el marketing directo;<\/p>\n<p>&nbsp;<\/p>\n<p style=\"text-align: justify;\">&#8211; Derecho a oponerse al tratamiento automatizado, incluido el perfil;<\/p>\n<p>&nbsp;<\/p>\n<p style=\"text-align: justify;\">Como usuario, tiene derecho a reclamar seg\u00fan lo mencionado a continuaci\u00f3n.<\/p>\n<p>&nbsp;<\/p>\n<p style=\"text-align: justify;\">Si el usuario desea realizar el ejercicio de alguno de sus derechos deber\u00e1 hacerlo dirigi\u00e9ndose por escrito y copia del DNI en la siguiente direcci\u00f3n postal: C\/ Muntanyola, 2 08400- Granollers (BARCELONA) o en el mail <a href=\"mailto:info@prefabricatslomar.com.%20\">info@prefabricatslomar.com.<\/a> <\/p>\n<p>&nbsp;<\/p>\n<p style=\"text-align: justify;\">Adem\u00e1s podr\u00e1 ponerse en contacto con la Autoridad de control espa\u00f1ola, AGENCIA ESPA\u00d1OLA DE PROTECCI\u00d3N DE DATOS, en su web www.aepd.es o en la direcci\u00f3n de correo postal C\/ Jorge Juan, 6. 28001 &#8211; Madrid Tel. 901 100 099 &#8211; 912 663 517.<\/p>\n<p>&nbsp;<\/p>\n<p style=\"text-align: justify;\"><strong>MEDIDAS DE PROTECCI\u00d3N DE DATOS PERSONALES<\/strong><\/p>\n<p>&nbsp;<\/p>\n<p style=\"text-align: justify;\">PREFABRICATS LOMAR, SL aplica varias medidas t\u00e9cnicas y organizativas adecuadas para proteger las datos personales de los usuarios, incluido el uso de servidores seguros, cortafuegos, codificaci\u00f3n de datos de aplicaciones y comunicaciones.<\/p>\n<p>&nbsp;<\/p>\n<p style=\"text-align: justify;\"><strong>REVISION POL\u00cdTICA DE PRIVACIDAD<\/strong><\/p>\n<p>&nbsp;<\/p>\n<p style=\"text-align: justify;\">Ocasionalmente, PREFABRICATS LOMAR, SL actualizar\u00e1 esta Pol\u00edtica de privacidad, por lo que le solicitamos que revise peri\u00f3dicamente este documento para mantenerse informado y actualizado.<\/p>\n<p>&nbsp;<\/p>\n<p style=\"text-align: justify;\"><strong>POL\u00cdTICA DE COOKIES <\/strong><\/p>\n<p>&nbsp;<\/p>\n<p style=\"text-align: justify;\">La p\u00e1gina web de PREFABRICATS LOMAR, SL no utiliza cookies.<\/p>\n<p>&nbsp;<\/p>\n<p><!-- \/divi:heading --> <\/p>\n<p>&nbsp;<\/p>\n<p>&nbsp;<\/p>\n<p>&nbsp;<\/p>\n<p>&nbsp;<\/p>\n<p>[\/et_pb_text][\/et_pb_column][\/et_pb_row][\/et_pb_section]<\/p>\n","protected":false},"excerpt":{"rendered":"<p>POL\u00cdTICA DE COOKIES &nbsp; &nbsp; &nbsp; DEFINICI\u00d3N Y FUNCI\u00d3N DE COOKIES: Una cookie es un archivo que se descarga en su ordenador al acceder a determinadas p\u00e1ginas web. Las cookies permiten a una p\u00e1gina web, entre otras cosas, almacenar y recuperar informaci\u00f3n sobre los h\u00e1bitos de navegaci\u00f3n de un usuario o su equipo y, dependiendo [&hellip;]<\/p>\n","protected":false},"author":3,"featured_media":0,"parent":0,"menu_order":0,"comment_status":"closed","ping_status":"closed","template":"","meta":{"_et_pb_use_builder":"on","_et_pb_old_content":"","_et_gb_content_width":"","om_disable_all_campaigns":false},"yoast_head":"<!-- This site is optimized with the Yoast SEO plugin v20.13 - https:\/\/yoast.com\/wordpress\/plugins\/seo\/ -->\n<title>Pol\u00edtica de Cookies - PREFABRICATS LOMAR SL<\/title>\n<meta name=\"robots\" content=\"index, follow, max-snippet:-1, max-image-preview:large, max-video-preview:-1\" \/>\n<link rel=\"canonical\" href=\"https:\/\/prefabricatslomar.com\/es\/politica-de-cookies\/\" \/>\n<meta property=\"og:locale\" content=\"es_ES\" \/>\n<meta property=\"og:type\" content=\"article\" \/>\n<meta property=\"og:title\" content=\"Pol\u00edtica de Cookies - PREFABRICATS LOMAR SL\" \/>\n<meta property=\"og:description\" content=\"POL\u00cdTICA DE COOKIES &nbsp; &nbsp; &nbsp; DEFINICI\u00d3N Y FUNCI\u00d3N DE COOKIES: Una cookie es un archivo que se descarga en su ordenador al acceder a determinadas p\u00e1ginas web. Las cookies permiten a una p\u00e1gina web, entre otras cosas, almacenar y recuperar informaci\u00f3n sobre los h\u00e1bitos de navegaci\u00f3n de un usuario o su equipo y, dependiendo [&hellip;]\" \/>\n<meta property=\"og:url\" content=\"https:\/\/prefabricatslomar.com\/es\/politica-de-cookies\/\" \/>\n<meta property=\"og:site_name\" content=\"PREFABRICATS LOMAR SL\" \/>\n<meta property=\"article:modified_time\" content=\"2023-03-20T18:09:29+00:00\" \/>\n<meta name=\"twitter:card\" content=\"summary_large_image\" \/>\n<meta name=\"twitter:site\" content=\"@lomarterrazo\" \/>\n<meta name=\"twitter:label1\" content=\"Tiempo de lectura\" \/>\n\t<meta name=\"twitter:data1\" content=\"9 minutos\" \/>\n<script type=\"application\/ld+json\" class=\"yoast-schema-graph\">{\"@context\":\"https:\/\/schema.org\",\"@graph\":[{\"@type\":\"WebPage\",\"@id\":\"https:\/\/prefabricatslomar.com\/es\/politica-de-cookies\/\",\"url\":\"https:\/\/prefabricatslomar.com\/es\/politica-de-cookies\/\",\"name\":\"Pol\u00edtica de Cookies - PREFABRICATS LOMAR SL\",\"isPartOf\":{\"@id\":\"https:\/\/prefabricatslomar.com\/es\/#website\"},\"datePublished\":\"2021-02-16T11:02:10+00:00\",\"dateModified\":\"2023-03-20T18:09:29+00:00\",\"breadcrumb\":{\"@id\":\"https:\/\/prefabricatslomar.com\/es\/politica-de-cookies\/#breadcrumb\"},\"inLanguage\":\"es\",\"potentialAction\":[{\"@type\":\"ReadAction\",\"target\":[\"https:\/\/prefabricatslomar.com\/es\/politica-de-cookies\/\"]}]},{\"@type\":\"BreadcrumbList\",\"@id\":\"https:\/\/prefabricatslomar.com\/es\/politica-de-cookies\/#breadcrumb\",\"itemListElement\":[{\"@type\":\"ListItem\",\"position\":1,\"name\":\"Qui som\",\"item\":\"https:\/\/prefabricatslomar.com\/es\/\"},{\"@type\":\"ListItem\",\"position\":2,\"name\":\"Pol\u00edtica de Cookies\"}]},{\"@type\":\"WebSite\",\"@id\":\"https:\/\/prefabricatslomar.com\/es\/#website\",\"url\":\"https:\/\/prefabricatslomar.com\/es\/\",\"name\":\"PREFABRICATS LOMAR SL\",\"description\":\"Forjats i Terratzos\",\"publisher\":{\"@id\":\"https:\/\/prefabricatslomar.com\/es\/#organization\"},\"potentialAction\":[{\"@type\":\"SearchAction\",\"target\":{\"@type\":\"EntryPoint\",\"urlTemplate\":\"https:\/\/prefabricatslomar.com\/es\/?s={search_term_string}\"},\"query-input\":\"required name=search_term_string\"}],\"inLanguage\":\"es\"},{\"@type\":\"Organization\",\"@id\":\"https:\/\/prefabricatslomar.com\/es\/#organization\",\"name\":\"Prefabricats Lomar SL\",\"url\":\"https:\/\/prefabricatslomar.com\/es\/\",\"logo\":{\"@type\":\"ImageObject\",\"inLanguage\":\"es\",\"@id\":\"https:\/\/prefabricatslomar.com\/es\/#\/schema\/logo\/image\/\",\"url\":\"https:\/\/prefabricatslomar.com\/wp-content\/uploads\/2019\/11\/logo.jpeg\",\"contentUrl\":\"https:\/\/prefabricatslomar.com\/wp-content\/uploads\/2019\/11\/logo.jpeg\",\"width\":2275,\"height\":2275,\"caption\":\"Prefabricats Lomar SL\"},\"image\":{\"@id\":\"https:\/\/prefabricatslomar.com\/es\/#\/schema\/logo\/image\/\"},\"sameAs\":[\"https:\/\/twitter.com\/lomarterrazo\",\"https:\/\/www.instagram.com\/prefabricats_lomar\/\",\"https:\/\/www.linkedin.com\/company\/prefabricats-lomar-sl\/about\/\"]}]}<\/script>\n<!-- \/ Yoast SEO plugin. -->","yoast_head_json":{"title":"Pol\u00edtica de Cookies - PREFABRICATS LOMAR SL","robots":{"index":"index","follow":"follow","max-snippet":"max-snippet:-1","max-image-preview":"max-image-preview:large","max-video-preview":"max-video-preview:-1"},"canonical":"https:\/\/prefabricatslomar.com\/es\/politica-de-cookies\/","og_locale":"es_ES","og_type":"article","og_title":"Pol\u00edtica de Cookies - PREFABRICATS LOMAR SL","og_description":"POL\u00cdTICA DE COOKIES &nbsp; &nbsp; &nbsp; DEFINICI\u00d3N Y FUNCI\u00d3N DE COOKIES: Una cookie es un archivo que se descarga en su ordenador al acceder a determinadas p\u00e1ginas web. Las cookies permiten a una p\u00e1gina web, entre otras cosas, almacenar y recuperar informaci\u00f3n sobre los h\u00e1bitos de navegaci\u00f3n de un usuario o su equipo y, dependiendo [&hellip;]","og_url":"https:\/\/prefabricatslomar.com\/es\/politica-de-cookies\/","og_site_name":"PREFABRICATS LOMAR SL","article_modified_time":"2023-03-20T18:09:29+00:00","twitter_card":"summary_large_image","twitter_site":"@lomarterrazo","twitter_misc":{"Tiempo de lectura":"9 minutos"},"schema":{"@context":"https:\/\/schema.org","@graph":[{"@type":"WebPage","@id":"https:\/\/prefabricatslomar.com\/es\/politica-de-cookies\/","url":"https:\/\/prefabricatslomar.com\/es\/politica-de-cookies\/","name":"Pol\u00edtica de Cookies - PREFABRICATS LOMAR SL","isPartOf":{"@id":"https:\/\/prefabricatslomar.com\/es\/#website"},"datePublished":"2021-02-16T11:02:10+00:00","dateModified":"2023-03-20T18:09:29+00:00","breadcrumb":{"@id":"https:\/\/prefabricatslomar.com\/es\/politica-de-cookies\/#breadcrumb"},"inLanguage":"es","potentialAction":[{"@type":"ReadAction","target":["https:\/\/prefabricatslomar.com\/es\/politica-de-cookies\/"]}]},{"@type":"BreadcrumbList","@id":"https:\/\/prefabricatslomar.com\/es\/politica-de-cookies\/#breadcrumb","itemListElement":[{"@type":"ListItem","position":1,"name":"Qui som","item":"https:\/\/prefabricatslomar.com\/es\/"},{"@type":"ListItem","position":2,"name":"Pol\u00edtica de Cookies"}]},{"@type":"WebSite","@id":"https:\/\/prefabricatslomar.com\/es\/#website","url":"https:\/\/prefabricatslomar.com\/es\/","name":"PREFABRICATS LOMAR SL","description":"Forjats i Terratzos","publisher":{"@id":"https:\/\/prefabricatslomar.com\/es\/#organization"},"potentialAction":[{"@type":"SearchAction","target":{"@type":"EntryPoint","urlTemplate":"https:\/\/prefabricatslomar.com\/es\/?s={search_term_string}"},"query-input":"required name=search_term_string"}],"inLanguage":"es"},{"@type":"Organization","@id":"https:\/\/prefabricatslomar.com\/es\/#organization","name":"Prefabricats Lomar SL","url":"https:\/\/prefabricatslomar.com\/es\/","logo":{"@type":"ImageObject","inLanguage":"es","@id":"https:\/\/prefabricatslomar.com\/es\/#\/schema\/logo\/image\/","url":"https:\/\/prefabricatslomar.com\/wp-content\/uploads\/2019\/11\/logo.jpeg","contentUrl":"https:\/\/prefabricatslomar.com\/wp-content\/uploads\/2019\/11\/logo.jpeg","width":2275,"height":2275,"caption":"Prefabricats Lomar SL"},"image":{"@id":"https:\/\/prefabricatslomar.com\/es\/#\/schema\/logo\/image\/"},"sameAs":["https:\/\/twitter.com\/lomarterrazo","https:\/\/www.instagram.com\/prefabricats_lomar\/","https:\/\/www.linkedin.com\/company\/prefabricats-lomar-sl\/about\/"]}]}},"_links":{"self":[{"href":"https:\/\/prefabricatslomar.com\/es\/wp-json\/wp\/v2\/pages\/1607"}],"collection":[{"href":"https:\/\/prefabricatslomar.com\/es\/wp-json\/wp\/v2\/pages"}],"about":[{"href":"https:\/\/prefabricatslomar.com\/es\/wp-json\/wp\/v2\/types\/page"}],"author":[{"embeddable":true,"href":"https:\/\/prefabricatslomar.com\/es\/wp-json\/wp\/v2\/users\/3"}],"replies":[{"embeddable":true,"href":"https:\/\/prefabricatslomar.com\/es\/wp-json\/wp\/v2\/comments?post=1607"}],"version-history":[{"count":9,"href":"https:\/\/prefabricatslomar.com\/es\/wp-json\/wp\/v2\/pages\/1607\/revisions"}],"predecessor-version":[{"id":1684,"href":"https:\/\/prefabricatslomar.com\/es\/wp-json\/wp\/v2\/pages\/1607\/revisions\/1684"}],"wp:attachment":[{"href":"https:\/\/prefabricatslomar.com\/es\/wp-json\/wp\/v2\/media?parent=1607"}],"curies":[{"name":"wp","href":"https:\/\/api.w.org\/{rel}","templated":true}]}}